{"id":520,"date":"2015-03-12T20:31:43","date_gmt":"2015-03-12T19:31:43","guid":{"rendered":"http:\/\/kutscherhaus-monschau.com\/?page_id=520"},"modified":"2025-06-12T21:44:22","modified_gmt":"2025-06-12T21:44:22","slug":"impressum","status":"publish","type":"page","link":"https:\/\/www.kutscherhaus-monschau.com\/nl\/impressum\/","title":{"rendered":"Impressum"},"content":{"rendered":"<h2>Angaben gem\u00e4\u00df \u00a7 5 TMG<\/h2>\n<p>Ferienhaus Kutscherhaus in Monschau<br \/>\nBurkart Zeller (Einzelunternehmer)<br \/>\nL\u00fcttringhauser Stra\u00dfe 44<\/p>\n<p>51103 K\u00f6ln<\/p>\n<h2>Kontakt<\/h2>\n<p>Telefon: &#43;4&#57;&#32;&#40;0)1&#55;&#57;&#32;7&#55;&#52;1&#54;7&#57;<br \/>\nE-Mail: &#98;z&#101;&#108;&#108;e&#114;&#64;&#103;m&#120;.d&#101; <\/p>\n<h2>Webdesign, Website erstellt und administriert durch:<\/h2>\n<p><a href=\"https:\/\/www.illumus-design.de\" target=\"_blank\" rel=\"noopener\">https:\/\/www.illumus-design.de<\/a><br \/>\n<a href=\"https:\/\/www.website-in-24-stunden.com\/\" target=\"_blank\" rel=\"noopener\">https:\/\/www.website-in-24-stunden.com\/<\/a><br \/>\n<a href=\"https:\/\/www.modellauto-eldorado.de\/\" target=\"_blank\" rel=\"noopener\">https:\/\/www.modellauto-eldorado.de\/<\/a><\/p>\n<p>Oliver Ziegler (Inhaber)<br \/>\nM\u00fchlenstra\u00dfe 39<br \/>\n52159 Roetgen<\/p>\n<p><a href=\"mailto:info@illumus-design.de\">info@illumus-design.de<\/a><\/p>\n<h2>Streitschlichtung<\/h2>\n<p>Die Europ\u00e4ische Kommission stellt eine Plattform zur Online-Streitbeilegung (OS) bereit: <a href=\"https:\/\/ec.europa.eu\/consumers\/odr\" target=\"_blank\" rel=\"noopener\">https:\/\/ec.europa.eu\/consumers\/odr<\/a><br \/>\nUnsere E-Mail-Adresse finden Sie oben im Impressum.<\/p>\n<p>Wir sind nicht bereit oder verpflichtet, an Streitbeilegungsverfahren vor einer Verbraucherschlichtungsstelle teilzunehmen.<\/p>\n<p>Quelle: <a href=\"https:\/\/www.e- recht24.de\/impressum-generator.html\">https:\/\/www.e-recht24.de\/impressum-generator.html<\/a><\/p>\n","protected":false},"excerpt":{"rendered":"<p>Angaben gem\u00e4\u00df \u00a7 5 TMG Ferienhaus Kutscherhaus in Monschau Burkart Zeller (Einzelunternehmer) L\u00fcttringhauser Stra\u00dfe 44 51103 K\u00f6ln Kontakt Telefon: E-Mail: Webdesign, Website erstellt und administriert durch: https:\/\/www.illumus-design.de https:\/\/www.website-in-24-stunden.com\/ https:\/\/www.modellauto-eldorado.de\/ Oliver Ziegler (Inhaber) M\u00fchlenstra\u00dfe 39 52159 Roetgen info@illumus-design.de Streitschlichtung Die Europ\u00e4ische Kommission stellt eine Plattform zur Online-Streitbeilegung (OS) bereit: https:\/\/ec.europa.eu\/consumers\/odr Unsere E-Mail-Adresse finden Sie oben im [&hellip;]<\/p>\n","protected":false},"author":5,"featured_media":0,"parent":0,"menu_order":7,"comment_status":"closed","ping_status":"closed","template":"","meta":{"footnotes":""},"class_list":["post-520","page","type-page","status-publish","hentry","post"],"_links":{"self":[{"href":"https:\/\/www.kutscherhaus-monschau.com\/nl\/wp-json\/wp\/v2\/pages\/520","targetHints":{"allow":["GET"]}}],"collection":[{"href":"https:\/\/www.kutscherhaus-monschau.com\/nl\/wp-json\/wp\/v2\/pages"}],"about":[{"href":"https:\/\/www.kutscherhaus-monschau.com\/nl\/wp-json\/wp\/v2\/types\/page"}],"author":[{"embeddable":true,"href":"https:\/\/www.kutscherhaus-monschau.com\/nl\/wp-json\/wp\/v2\/users\/5"}],"replies":[{"embeddable":true,"href":"https:\/\/www.kutscherhaus-monschau.com\/nl\/wp-json\/wp\/v2\/comments?post=520"}],"version-history":[{"count":18,"href":"https:\/\/www.kutscherhaus-monschau.com\/nl\/wp-json\/wp\/v2\/pages\/520\/revisions"}],"predecessor-version":[{"id":1334,"href":"https:\/\/www.kutscherhaus-monschau.com\/nl\/wp-json\/wp\/v2\/pages\/520\/revisions\/1334"}],"wp:attachment":[{"href":"https:\/\/www.kutscherhaus-monschau.com\/nl\/wp-json\/wp\/v2\/media?parent=520"}],"curies":[{"name":"wp","href":"https:\/\/api.w.org\/{rel}","templated":true}]}}